{"id":1279,"date":"2021-05-13T13:49:52","date_gmt":"2021-05-13T11:49:52","guid":{"rendered":"http:\/\/fatcc.fr\/?page_id=1279"},"modified":"2025-10-03T09:56:06","modified_gmt":"2025-10-03T07:56:06","slug":"stages","status":"publish","type":"page","link":"https:\/\/fatcc.fr\/index.php\/stages\/","title":{"rendered":"Stages"},"content":{"rendered":"\t\t<div data-elementor-type=\"wp-page\" data-elementor-id=\"1279\" class=\"elementor elementor-1279\">\n\t\t\t\t\t\t<section class=\"elementor-section elementor-top-section elementor-element elementor-element-5131a13e elementor-section-boxed elementor-section-height-default elementor-section-height-default\" data-id=\"5131a13e\" data-element_type=\"section\" data-e-type=\"section\" data-settings=\"{&quot;background_background&quot;:&quot;classic&quot;}\">\n\t\t\t\t\t\t\t<div class=\"elementor-background-overlay\"><\/div>\n\t\t\t\t\t\t\t<div class=\"elementor-container elementor-column-gap-default\">\n\t\t\t\t\t<div class=\"elementor-column elementor-col-100 elementor-top-column elementor-element elementor-element-1053ca7a\" data-id=\"1053ca7a\" data-element_type=\"column\" data-e-type=\"column\">\n\t\t\t<div class=\"elementor-widget-wrap elementor-element-populated\">\n\t\t\t\t\t\t<div class=\"elementor-element elementor-element-3d99e122 elementor-invisible elementor-widget elementor-widget-heading\" data-id=\"3d99e122\" data-element_type=\"widget\" data-e-type=\"widget\" data-settings=\"{&quot;_animation&quot;:&quot;slideInDown&quot;}\" data-widget_type=\"heading.default\">\n\t\t\t\t<div class=\"elementor-widget-container\">\n\t\t\t\t\t<h1 class=\"elementor-heading-title elementor-size-default\">Stages<\/h1>\t\t\t\t<\/div>\n\t\t\t\t<\/div>\n\t\t\t\t\t<\/div>\n\t\t<\/div>\n\t\t\t\t\t<\/div>\n\t\t<\/section>\n\t\t\t\t<section class=\"elementor-section elementor-top-section elementor-element elementor-element-c9b1500 elementor-section-boxed elementor-section-height-default elementor-section-height-default\" data-id=\"c9b1500\" data-element_type=\"section\" data-e-type=\"section\">\n\t\t\t\t\t\t<div class=\"elementor-container elementor-column-gap-default\">\n\t\t\t\t\t<div class=\"elementor-column elementor-col-100 elementor-top-column elementor-element elementor-element-c2dfb4c\" data-id=\"c2dfb4c\" data-element_type=\"column\" data-e-type=\"column\">\n\t\t\t<div class=\"elementor-widget-wrap elementor-element-populated\">\n\t\t\t\t\t\t<div class=\"elementor-element elementor-element-5ef7ba7 elementor-widget elementor-widget-spacer\" data-id=\"5ef7ba7\" data-element_type=\"widget\" data-e-type=\"widget\" data-widget_type=\"spacer.default\">\n\t\t\t\t<div class=\"elementor-widget-container\">\n\t\t\t\t\t\t\t<div class=\"elementor-spacer\">\n\t\t\t<div class=\"elementor-spacer-inner\"><\/div>\n\t\t<\/div>\n\t\t\t\t\t\t<\/div>\n\t\t\t\t<\/div>\n\t\t\t\t\t<\/div>\n\t\t<\/div>\n\t\t\t\t\t<\/div>\n\t\t<\/section>\n\t\t\t\t<section class=\"elementor-section elementor-top-section elementor-element elementor-element-d2def35 elementor-section-boxed elementor-section-height-default elementor-section-height-default elementor-invisible\" data-id=\"d2def35\" data-element_type=\"section\" data-e-type=\"section\" data-settings=\"{&quot;animation&quot;:&quot;slideInLeft&quot;}\">\n\t\t\t\t\t\t<div class=\"elementor-container elementor-column-gap-default\">\n\t\t\t\t\t<div class=\"elementor-column elementor-col-100 elementor-top-column elementor-element elementor-element-d8e1fea\" data-id=\"d8e1fea\" data-element_type=\"column\" data-e-type=\"column\">\n\t\t\t<div class=\"elementor-widget-wrap elementor-element-populated\">\n\t\t\t\t\t\t<div class=\"elementor-element elementor-element-17da623 elementor-widget elementor-widget-heading\" data-id=\"17da623\" data-element_type=\"widget\" data-e-type=\"widget\" data-widget_type=\"heading.default\">\n\t\t\t\t<div class=\"elementor-widget-container\">\n\t\t\t\t\t<h2 class=\"elementor-heading-title elementor-size-default\">Stages saison 2025 - 2026<\/h2>\t\t\t\t<\/div>\n\t\t\t\t<\/div>\n\t\t\t\t\t<\/div>\n\t\t<\/div>\n\t\t\t\t\t<\/div>\n\t\t<\/section>\n\t\t\t\t<section class=\"elementor-section elementor-top-section elementor-element elementor-element-9d95d54 elementor-section-boxed elementor-section-height-default elementor-section-height-default elementor-invisible\" data-id=\"9d95d54\" data-element_type=\"section\" data-e-type=\"section\" data-settings=\"{&quot;animation&quot;:&quot;slideInRight&quot;}\">\n\t\t\t\t\t\t<div class=\"elementor-container elementor-column-gap-default\">\n\t\t\t\t\t<div class=\"elementor-column elementor-col-100 elementor-top-column elementor-element elementor-element-958a5a7\" data-id=\"958a5a7\" data-element_type=\"column\" data-e-type=\"column\">\n\t\t\t<div class=\"elementor-widget-wrap elementor-element-populated\">\n\t\t\t\t\t\t<div class=\"elementor-element elementor-element-fe9b8b5 elementor-widget elementor-widget-image\" data-id=\"fe9b8b5\" data-element_type=\"widget\" data-e-type=\"widget\" data-widget_type=\"image.default\">\n\t\t\t\t<div class=\"elementor-widget-container\">\n\t\t\t\t\t\t\t\t\t\t\t\t\t\t\t<img fetchpriority=\"high\" decoding=\"async\" width=\"1024\" height=\"246\" src=\"https:\/\/fatcc.fr\/wp-content\/uploads\/2021\/05\/Stages-1024x246.jpg\" class=\"attachment-large size-large wp-image-1281\" alt=\"\" srcset=\"https:\/\/fatcc.fr\/wp-content\/uploads\/2021\/05\/Stages-1024x246.jpg 1024w, https:\/\/fatcc.fr\/wp-content\/uploads\/2021\/05\/Stages-300x72.jpg 300w, https:\/\/fatcc.fr\/wp-content\/uploads\/2021\/05\/Stages-768x185.jpg 768w, https:\/\/fatcc.fr\/wp-content\/uploads\/2021\/05\/Stages.jpg 1280w\" sizes=\"(max-width: 1024px) 100vw, 1024px\" \/>\t\t\t\t\t\t\t\t\t\t\t\t\t\t\t<\/div>\n\t\t\t\t<\/div>\n\t\t\t\t<div class=\"elementor-element elementor-element-c464df9 elementor-widget elementor-widget-text-editor\" data-id=\"c464df9\" data-element_type=\"widget\" data-e-type=\"widget\" data-widget_type=\"text-editor.default\">\n\t\t\t\t<div class=\"elementor-widget-container\">\n\t\t\t\t\t\t\t\t\t<ul>\n<li>Prochain stage \u00e0 Bourges, du 15 au 16 novembre 2025, de 9h \u00e0 12h et de 14h30 \u00e0 17h30<\/li>\n<\/ul>\t\t\t\t\t\t\t\t<\/div>\n\t\t\t\t<\/div>\n\t\t\t\t<div class=\"elementor-element elementor-element-a68fa32 elementor-widget-divider--view-line elementor-widget elementor-widget-divider\" data-id=\"a68fa32\" data-element_type=\"widget\" data-e-type=\"widget\" data-widget_type=\"divider.default\">\n\t\t\t\t<div class=\"elementor-widget-container\">\n\t\t\t\t\t\t\t<div class=\"elementor-divider\">\n\t\t\t<span class=\"elementor-divider-separator\">\n\t\t\t\t\t\t<\/span>\n\t\t<\/div>\n\t\t\t\t\t\t<\/div>\n\t\t\t\t<\/div>\n\t\t\t\t<div class=\"elementor-element elementor-element-403eb19 elementor-widget elementor-widget-text-editor\" data-id=\"403eb19\" data-element_type=\"widget\" data-e-type=\"widget\" data-widget_type=\"text-editor.default\">\n\t\t\t\t<div class=\"elementor-widget-container\">\n\t\t\t\t\t\t\t\t\t<p>Modalit\u00e9s d&rsquo;inscriptions :\u00a0<\/p><ul><li>Pour les stages d&rsquo;Ineuil et du Planton,\u00a0 les inscriptions se font directement aupr\u00e8s de Jean-Fran\u00e7ois BILLEY\u00a0 (jfb1836@laposte.net) dans la limite des places disponibles. <strong>Pensez \u00e0 r\u00e9servez le couchage ainsi que les repas<\/strong> ;<\/li><li>Pour les stages organis\u00e9s par les \u00e9coles, les inscriptions se font directement aupr\u00e8s des \u00e9coles concern\u00e9es.<\/li><\/ul>\t\t\t\t\t\t\t\t<\/div>\n\t\t\t\t<\/div>\n\t\t\t\t<div class=\"elementor-element elementor-element-3412674 elementor-widget elementor-widget-text-editor\" data-id=\"3412674\" data-element_type=\"widget\" data-e-type=\"widget\" data-widget_type=\"text-editor.default\">\n\t\t\t\t<div class=\"elementor-widget-container\">\n\t\t\t\t\t\t\t\t\t<p>Programmes des stages de Jean-Fran\u00e7ois Billey :<\/p>\n\n<table id=\"tablepress-16\" class=\"tablepress tablepress-id-16\">\n<thead>\n<tr class=\"row-1\">\n\t<th class=\"column-1\">Date<\/th><th class=\"column-2\">Ville<\/th><th class=\"column-3\">Adresse<\/th>\n<\/tr>\n<\/thead>\n<tbody class=\"row-striping row-hover\">\n<tr class=\"row-2\">\n\t<td class=\"column-1\">26 septembre &#8211; 2 octobre 2025<\/td><td class=\"column-2\">Le Planton<\/td><td class=\"column-3\">Le Planton, 18170 Morlac<\/td>\n<\/tr>\n<tr class=\"row-3\">\n\t<td class=\"column-1\">15 &#8211; 16 novembre 2025<\/td><td class=\"column-2\">Bourges<\/td><td class=\"column-3\">Gymnase Jean Guimier<\/td>\n<\/tr>\n<tr class=\"row-4\">\n\t<td class=\"column-1\">16 &#8211; 18 janvier 2026<\/td><td class=\"column-2\">Ineuil<\/td><td class=\"column-3\"><\/td>\n<\/tr>\n<tr class=\"row-5\">\n\t<td class=\"column-1\">21 &#8211; 22 f\u00e9vrier 2026<\/td><td class=\"column-2\">Charlieu<\/td><td class=\"column-3\">Gymnase Jo Girgenti<\/td>\n<\/tr>\n<tr class=\"row-6\">\n\t<td class=\"column-1\">21 &#8211; 22 mars 2026<\/td><td class=\"column-2\">Toulouse<\/td><td class=\"column-3\"><\/td>\n<\/tr>\n<tr class=\"row-7\">\n\t<td class=\"column-1\">14 &#8211; 17 mai 2026<\/td><td class=\"column-2\">Boussac-bourg<\/td><td class=\"column-3\">Salle des f\u00eates, rue Grande<\/td>\n<\/tr>\n<tr class=\"row-8\">\n\t<td class=\"column-1\">26 &#8211; 28 juin 2026<\/td><td class=\"column-2\">Le Planton<\/td><td class=\"column-3\">Le Planton, 18170 Morlac<\/td>\n<\/tr>\n<tr class=\"row-9\">\n\t<td class=\"column-1\">28 &#8211; 31 juillet 2026<\/td><td class=\"column-2\">Ligni\u00e8res<\/td><td class=\"column-3\">gymnase de Ligni\u00e8res, route du stade J. Dalloux, 18160 Ligni\u00e8res<\/td>\n<\/tr>\n<tr class=\"row-10\">\n\t<td class=\"column-1\">2 &#8211; 5 ao\u00fbt 2026<\/td><td class=\"column-2\">Ligni\u00e8res<\/td><td class=\"column-3\">gymnase de Ligni\u00e8res, route du stade J. Dalloux, 18160 Ligni\u00e8res<\/td>\n<\/tr>\n<\/tbody>\n<\/table>\n<!-- #tablepress-16 from cache -->\t\t\t\t\t\t\t\t<\/div>\n\t\t\t\t<\/div>\n\t\t\t\t\t<\/div>\n\t\t<\/div>\n\t\t\t\t\t<\/div>\n\t\t<\/section>\n\t\t\t\t<section class=\"elementor-section elementor-top-section elementor-element elementor-element-bcdcd90 elementor-section-boxed elementor-section-height-default elementor-section-height-default elementor-invisible\" data-id=\"bcdcd90\" data-element_type=\"section\" data-e-type=\"section\" data-settings=\"{&quot;animation&quot;:&quot;rubberBand&quot;}\">\n\t\t\t\t\t\t<div class=\"elementor-container elementor-column-gap-default\">\n\t\t\t\t\t<div class=\"elementor-column elementor-col-100 elementor-top-column elementor-element elementor-element-f4cefe9\" data-id=\"f4cefe9\" data-element_type=\"column\" data-e-type=\"column\">\n\t\t\t<div class=\"elementor-widget-wrap elementor-element-populated\">\n\t\t\t\t\t\t<div class=\"elementor-element elementor-element-85d9bb9 elementor-widget-divider--view-line elementor-widget elementor-widget-divider\" data-id=\"85d9bb9\" data-element_type=\"widget\" data-e-type=\"widget\" data-widget_type=\"divider.default\">\n\t\t\t\t<div class=\"elementor-widget-container\">\n\t\t\t\t\t\t\t<div class=\"elementor-divider\">\n\t\t\t<span class=\"elementor-divider-separator\">\n\t\t\t\t\t\t<\/span>\n\t\t<\/div>\n\t\t\t\t\t\t<\/div>\n\t\t\t\t<\/div>\n\t\t\t\t\t<\/div>\n\t\t<\/div>\n\t\t\t\t\t<\/div>\n\t\t<\/section>\n\t\t\t\t<section class=\"elementor-section elementor-top-section elementor-element elementor-element-db58935 elementor-section-boxed elementor-section-height-default elementor-section-height-default elementor-invisible\" data-id=\"db58935\" data-element_type=\"section\" data-e-type=\"section\" data-settings=\"{&quot;animation&quot;:&quot;rotateIn&quot;}\">\n\t\t\t\t\t\t<div class=\"elementor-container elementor-column-gap-default\">\n\t\t\t\t\t<div class=\"elementor-column elementor-col-100 elementor-top-column elementor-element elementor-element-fa442d4\" data-id=\"fa442d4\" data-element_type=\"column\" data-e-type=\"column\">\n\t\t\t<div class=\"elementor-widget-wrap elementor-element-populated\">\n\t\t\t\t\t\t<div class=\"elementor-element elementor-element-1d7d847 elementor-widget elementor-widget-text-editor\" data-id=\"1d7d847\" data-element_type=\"widget\" data-e-type=\"widget\" data-widget_type=\"text-editor.default\">\n\t\t\t\t<div class=\"elementor-widget-container\">\n\t\t\t\t\t\t\t\t\t<p>Les niveaux sont les suivants :<\/p>\n<ul>\n<li><strong>Niveau&nbsp; 1 :&nbsp;<\/strong>d\u00e9butants, m\u00e9morisation 1\u00e8re partie de la forme, d\u00e9but fighting-form, pouss\u00e9e d&rsquo;une main ;<\/li>\n<li><strong>Niveau 2 :&nbsp;<\/strong>m\u00e9morisation 2\u00e8me partie de la forme, fighting-form, pouss\u00e9e d&rsquo;une main ;<\/li>\n<li><strong>Niveau 3 :&nbsp;<\/strong>m\u00e9morisation 3\u00e8me partie de la forme, fighting-form, pouss\u00e9e d&rsquo;une main, d\u00e9but pouss\u00e9e des deux mains ;<\/li>\n<li><strong>Niveau 4 :&nbsp;<\/strong>yin\/yang de base, 3yin\/3yang, fighting-form, Pouss\u00e9e des deux mains ;<\/li>\n<li><strong>Niveau 5 :&nbsp;<\/strong>autres niveaux yin\/yang, m\u00e9morisation \u00e9p\u00e9e, fighting-form, pouss\u00e9e des 2 mains, Dalo\u00ef ;<\/li>\n<li><strong>Avanc\u00e9s :&nbsp;<\/strong>bien conna\u00eetre les 3 parties de la forme, forme de l\u2019\u00e9p\u00e9e, pouss\u00e9e des deux mains, les 37 mouvements de la Fighting-Form.<\/li>\n<\/ul>\t\t\t\t\t\t\t\t<\/div>\n\t\t\t\t<\/div>\n\t\t\t\t\t<\/div>\n\t\t<\/div>\n\t\t\t\t\t<\/div>\n\t\t<\/section>\n\t\t\t\t<\/div>\n\t\t","protected":false},"excerpt":{"rendered":"<p>Stages Stages saison 2025 &#8211; 2026 Prochain stage \u00e0 Bourges, du 15 au 16 novembre 2025, de 9h \u00e0 12h et de 14h30 \u00e0 17h30 Modalit\u00e9s d&rsquo;inscriptions :\u00a0 Pour les stages d&rsquo;Ineuil et du Planton,\u00a0 les inscriptions se font directement aupr\u00e8s de Jean-Fran\u00e7ois BILLEY\u00a0 (jfb1836@laposte.net) dans la limite des places disponibles. Pensez \u00e0 r\u00e9servez le [&hellip;]<\/p>\n","protected":false},"author":1,"featured_media":0,"parent":0,"menu_order":0,"comment_status":"closed","ping_status":"closed","template":"","meta":{"site-sidebar-layout":"no-sidebar","site-content-layout":"page-builder","ast-site-content-layout":"","site-content-style":"default","site-sidebar-style":"default","ast-global-header-display":"","ast-banner-title-visibility":"","ast-main-header-display":"","ast-hfb-above-header-display":"","ast-hfb-below-header-display":"","ast-hfb-mobile-header-display":"","site-post-title":"disabled","ast-breadcrumbs-content":"","ast-featured-img":"","footer-sml-layout":"","theme-transparent-header-meta":"enabled","adv-header-id-meta":"","stick-header-meta":"","header-above-stick-meta":"","header-main-stick-meta":"","header-below-stick-meta":"","astra-migrate-meta-layouts":"default","ast-page-background-enabled":"default","ast-page-background-meta":{"desktop":{"background-color":"","background-image":"","background-repeat":"repeat","background-position":"center center","background-size":"auto","background-attachment":"scroll","background-type":"","background-media":"","overlay-type":"","overlay-color":"","overlay-opacity":"","overlay-gradient":""},"tablet":{"background-color":"","background-image":"","background-repeat":"repeat","background-position":"center center","background-size":"auto","background-attachment":"scroll","background-type":"","background-media":"","overlay-type":"","overlay-color":"","overlay-opacity":"","overlay-gradient":""},"mobile":{"background-color":"","background-image":"","background-repeat":"repeat","background-position":"center center","background-size":"auto","background-attachment":"scroll","background-type":"","background-media":"","overlay-type":"","overlay-color":"","overlay-opacity":"","overlay-gradient":""}},"ast-content-background-meta":{"desktop":{"background-color":"var(--ast-global-color-5)","background-image":"","background-repeat":"repeat","background-position":"center center","background-size":"auto","background-attachment":"scroll","background-type":"","background-media":"","overlay-type":"","overlay-color":"","overlay-opacity":"","overlay-gradient":""},"tablet":{"background-color":"var(--ast-global-color-5)","background-image":"","background-repeat":"repeat","background-position":"center center","background-size":"auto","background-attachment":"scroll","background-type":"","background-media":"","overlay-type":"","overlay-color":"","overlay-opacity":"","overlay-gradient":""},"mobile":{"background-color":"var(--ast-global-color-5)","background-image":"","background-repeat":"repeat","background-position":"center center","background-size":"auto","background-attachment":"scroll","background-type":"","background-media":"","overlay-type":"","overlay-color":"","overlay-opacity":"","overlay-gradient":""}},"footnotes":""},"class_list":["post-1279","page","type-page","status-publish","hentry"],"_links":{"self":[{"href":"https:\/\/fatcc.fr\/index.php\/wp-json\/wp\/v2\/pages\/1279","targetHints":{"allow":["GET"]}}],"collection":[{"href":"https:\/\/fatcc.fr\/index.php\/wp-json\/wp\/v2\/pages"}],"about":[{"href":"https:\/\/fatcc.fr\/index.php\/wp-json\/wp\/v2\/types\/page"}],"author":[{"embeddable":true,"href":"https:\/\/fatcc.fr\/index.php\/wp-json\/wp\/v2\/users\/1"}],"replies":[{"embeddable":true,"href":"https:\/\/fatcc.fr\/index.php\/wp-json\/wp\/v2\/comments?post=1279"}],"version-history":[{"count":250,"href":"https:\/\/fatcc.fr\/index.php\/wp-json\/wp\/v2\/pages\/1279\/revisions"}],"predecessor-version":[{"id":2256,"href":"https:\/\/fatcc.fr\/index.php\/wp-json\/wp\/v2\/pages\/1279\/revisions\/2256"}],"wp:attachment":[{"href":"https:\/\/fatcc.fr\/index.php\/wp-json\/wp\/v2\/media?parent=1279"}],"curies":[{"name":"wp","href":"https:\/\/api.w.org\/{rel}","templated":true}]}}